{"id":41,"date":"2021-02-18T14:09:13","date_gmt":"2021-02-18T13:09:13","guid":{"rendered":"https:\/\/tromso.havn.no\/?page_id=41"},"modified":"2026-03-02T13:30:17","modified_gmt":"2026-03-02T12:30:17","slug":"navigation","status":"publish","type":"page","link":"https:\/\/tromso.havn.no\/en\/traffic\/navigation\/","title":{"rendered":"Navigation"},"content":{"rendered":"\n<section class=\"wp-block-uagb-columns uagb-columns__wrap uagb-columns__stack-mobile uagb-columns__valign- uagb-columns__gap-10 alignwide uagb-block-b0443793 uagb-columns__columns-3 uagb-columns__max_width-theme\"><div class=\"uagb-columns__overlay\"><\/div><div class=\"uagb-columns__inner-wrap uagb-columns__columns-3\">\n<div class=\"wp-block-uagb-column uagb-column__wrap uagb-column__background-color uagb-block-dffa270f\"><div class=\"uagb-column__overlay\"><\/div>\n<h2 class=\"wp-block-heading\">Weather station<\/h2>\n\n\n\n<p class=\"has-sizing-medium\">The Port of Troms\u00f8 has mounted a weather station at Gr\u00f8tsund. We are also planning to set up weather stations at Breivika and in the Troms\u00f8 city centre.<\/p>\n\n\n\n<p class=\"has-sizing-medium\"><a href=\"https:\/\/www.portwind.no\/index.html#VS1417\" target=\"_blank\" rel=\"noreferrer noopener\">Weather station at Gr\u00f8tsund<\/a><\/p>\n<\/div>\n\n\n\n<div class=\"wp-block-uagb-column uagb-column__wrap uagb-column__background-color uagb-block-a3e93878\"><div class=\"uagb-column__overlay\"><\/div>\n<h2 class=\"wp-block-heading\">Nautical charts<\/h2>\n\n\n\n<p class=\"has-sizing-medium\">Norwegian nautical charts&nbsp;<strong>no. 87 and no. 466<\/strong><\/p>\n<\/div>\n\n\n\n<div class=\"wp-block-uagb-column uagb-column__wrap uagb-column__background-color uagb-block-5d884f95\"><div class=\"uagb-column__overlay\"><\/div>\n<h2 class=\"wp-block-heading\">Pilot services<\/h2>\n\n\n\n<p class=\"has-sizing-medium\">Please contact&nbsp;<strong>L\u00f8dingen Pilot Station<\/strong>&nbsp;to arrange pilot services.<\/p>\n\n\n\n<p class=\"has-sizing-medium\">VHF channel: 13\/16<\/p>\n\n\n\n<p class=\"has-sizing-medium\"><a href=\"tel:+4776986810\">Telephone +47 769 86 810<\/a><\/p>\n\n\n\n<p class=\"has-sizing-medium\"><a href=\"mailto:pilot.lodingen@kystverket.no\" target=\"_blank\" rel=\"noreferrer noopener\">E-mail<\/a><\/p>\n<\/div>\n<\/div><\/section>\n\n\n\n<p class=\"has-sizing-medium\"><\/p>\n\n\n\n<section class=\"wp-block-uagb-columns uagb-columns__wrap uagb-columns__stack-mobile uagb-columns__valign- uagb-columns__gap-10 alignwide uagb-block-ff33add0 uagb-columns__columns-3 uagb-columns__max_width-theme\"><div class=\"uagb-columns__overlay\"><\/div><div class=\"uagb-columns__inner-wrap uagb-columns__columns-3\">\n<div class=\"wp-block-uagb-column uagb-column__wrap uagb-column__background-color uagb-block-1639b865\"><div class=\"uagb-column__overlay\"><\/div>\n<h2 class=\"wp-block-heading\">Seaward approaches<\/h2>\n\n\n\n<p class=\"has-sizing-medium\">Seaward appoaches to Troms\u00f8 and our port areas via <strong>Rystr\u00f8umen, Kvalsundet, Langsundet or Gr\u00f8tsundet<\/strong>.  <\/p>\n\n\n\n<h3 class=\"wp-block-heading\">Map<\/h3>\n\n\n\n<p class=\"has-sizing-medium\"><a rel=\"noreferrer noopener\" href=\"https:\/\/www.google.com\/maps\/d\/u\/1\/embed?mid=zOkvPCcLSpBg.kFYCh_lPP94s\" target=\"_blank\">View seaward approaches on the map<\/a><\/p>\n<\/div>\n\n\n\n<div class=\"wp-block-uagb-column uagb-column__wrap uagb-column__background-color uagb-block-8569aa86\"><div class=\"uagb-column__overlay\"><\/div>\n<h3 class=\"wp-block-heading\">Regulations for passing under the Troms\u00f8 Bridge (Troms\u00f8brua)<\/h3>\n\n\n\n<ul class=\"wp-block-list\">\n<li>The navigable channel face has a height of 36.5 m over the highest tidal water mark and a width of 60 m between the bridge fender systems.<\/li>\n\n\n\n<li>When passing under the Troms\u00f8 Bridge, meeting vessels shall act in accordance with Section 41 of the Regulations for preventing collisions at sea.<\/li>\n\n\n\n<li>Passing another vessel in the navigable channel face is not permitted.<\/li>\n<\/ul>\n<\/div>\n\n\n\n<div class=\"wp-block-uagb-column uagb-column__wrap uagb-column__background-color uagb-block-0cb2e3c8\"><div class=\"uagb-column__overlay\"><\/div>\n<h3 class=\"wp-block-heading\">Pilot services Regulations for passing under the Sandnessund Bridge (Sandnessundbrua)<\/h3>\n\n\n\n<ul class=\"wp-block-list\">\n<li>The navigable channel face has a height of 41 m over the highest tidal water mark and a width of 120 m between the bridge fender systems.<\/li>\n\n\n\n<li>The navigable channel face is marked with green lights on the eastern fender system, red lights on the western fender system and white lights on the main span. All display constant lighting with an arc of more than 180\u00b0. The columns of the main span of the bridge are floodlit.<\/li>\n\n\n\n<li>When passing under the Sandnessund Bridge, meeting vessels shall act in accordance with Section 41 of the Regulations for preventing collisions at sea.\u00a0 Passing another vessel in the navigable channel face is not permitted.<\/li>\n<\/ul>\n<\/div>\n<\/div><\/section>\n","protected":false},"excerpt":{"rendered":"<p>Weather station The Port of Troms\u00f8 has mounted a weather station at Gr\u00f8tsund. We are &hellip; <\/p>\n<p class=\"read-more-link\"><a href=\"https:\/\/tromso.havn.no\/en\/traffic\/navigation\/\">Les videre<span class=\"screen-reader-text\"> \u00abNavigation\u00bb<\/span><\/a><\/p>\n","protected":false},"author":1,"featured_media":0,"parent":37,"menu_order":0,"comment_status":"closed","ping_status":"closed","template":"","meta":{"_acf_changed":false,"_uag_custom_page_level_css":"","_coblocks_attr":"","_coblocks_dimensions":"","_coblocks_responsive_height":"","_coblocks_accordion_ie_support":"","footnotes":""},"class_list":["post-41","page","type-page","status-publish"],"acf":[],"yoast_head":"<!-- This site is optimized with the Yoast SEO plugin v27.4 - https:\/\/yoast.com\/product\/yoast-seo-wordpress\/ -->\n<title>Navigation - Troms\u00f8 Harbour<\/title>\n<meta name=\"robots\" content=\"index, follow, max-snippet:-1, max-image-preview:large, max-video-preview:-1\" \/>\n<link rel=\"canonical\" href=\"https:\/\/tromso.havn.no\/en\/traffic\/navigation\/\" \/>\n<meta property=\"og:locale\" content=\"en_US\" \/>\n<meta property=\"og:type\" content=\"article\" \/>\n<meta property=\"og:title\" content=\"Navigation - Troms\u00f8 Harbour\" \/>\n<meta property=\"og:description\" content=\"Weather station The Port of Troms\u00f8 has mounted a weather station at Gr\u00f8tsund. We are &hellip; Les videre \u00abNavigation\u00bb\" \/>\n<meta property=\"og:url\" content=\"https:\/\/tromso.havn.no\/en\/traffic\/navigation\/\" \/>\n<meta property=\"og:site_name\" content=\"Troms\u00f8 Harbour\" \/>\n<meta property=\"article:modified_time\" content=\"2026-03-02T12:30:17+00:00\" \/>\n<meta name=\"twitter:card\" content=\"summary_large_image\" \/>\n<meta name=\"twitter:label1\" content=\"Est. reading time\" \/>\n\t<meta name=\"twitter:data1\" content=\"2 minutes\" \/>\n<script type=\"application\/ld+json\" class=\"yoast-schema-graph\">{\"@context\":\"https:\\\/\\\/schema.org\",\"@graph\":[{\"@type\":\"WebPage\",\"@id\":\"https:\\\/\\\/tromso.havn.no\\\/en\\\/traffic\\\/navigation\\\/\",\"url\":\"https:\\\/\\\/tromso.havn.no\\\/en\\\/traffic\\\/navigation\\\/\",\"name\":\"Navigation - Troms\u00f8 Harbour\",\"isPartOf\":{\"@id\":\"https:\\\/\\\/tromso.havn.no\\\/en\\\/#website\"},\"datePublished\":\"2021-02-18T13:09:13+00:00\",\"dateModified\":\"2026-03-02T12:30:17+00:00\",\"breadcrumb\":{\"@id\":\"https:\\\/\\\/tromso.havn.no\\\/en\\\/traffic\\\/navigation\\\/#breadcrumb\"},\"inLanguage\":\"en-US\",\"potentialAction\":[{\"@type\":\"ReadAction\",\"target\":[\"https:\\\/\\\/tromso.havn.no\\\/en\\\/traffic\\\/navigation\\\/\"]}]},{\"@type\":\"BreadcrumbList\",\"@id\":\"https:\\\/\\\/tromso.havn.no\\\/en\\\/traffic\\\/navigation\\\/#breadcrumb\",\"itemListElement\":[{\"@type\":\"ListItem\",\"position\":1,\"name\":\"Home\",\"item\":\"https:\\\/\\\/tromso.havn.no\\\/en\\\/\"},{\"@type\":\"ListItem\",\"position\":2,\"name\":\"Traffic\",\"item\":\"https:\\\/\\\/tromso.havn.no\\\/en\\\/traffic\\\/\"},{\"@type\":\"ListItem\",\"position\":3,\"name\":\"Navigation\"}]},{\"@type\":\"WebSite\",\"@id\":\"https:\\\/\\\/tromso.havn.no\\\/en\\\/#website\",\"url\":\"https:\\\/\\\/tromso.havn.no\\\/en\\\/\",\"name\":\"Troms\u00f8 Harbour\",\"description\":\"Creating the Arctic future\",\"publisher\":{\"@id\":\"https:\\\/\\\/tromso.havn.no\\\/en\\\/#organization\"},\"potentialAction\":[{\"@type\":\"SearchAction\",\"target\":{\"@type\":\"EntryPoint\",\"urlTemplate\":\"https:\\\/\\\/tromso.havn.no\\\/en\\\/?s={search_term_string}\"},\"query-input\":{\"@type\":\"PropertyValueSpecification\",\"valueRequired\":true,\"valueName\":\"search_term_string\"}}],\"inLanguage\":\"en-US\"},{\"@type\":\"Organization\",\"@id\":\"https:\\\/\\\/tromso.havn.no\\\/en\\\/#organization\",\"name\":\"Troms\u00f8 Harbour\",\"url\":\"https:\\\/\\\/tromso.havn.no\\\/en\\\/\",\"logo\":{\"@type\":\"ImageObject\",\"inLanguage\":\"en-US\",\"@id\":\"https:\\\/\\\/tromso.havn.no\\\/en\\\/#\\\/schema\\\/logo\\\/image\\\/\",\"url\":\"https:\\\/\\\/tromso.havn.no\\\/en\\\/wp-content\\\/uploads\\\/sites\\\/2\\\/2021\\\/11\\\/cropped-TH-english.png\",\"contentUrl\":\"https:\\\/\\\/tromso.havn.no\\\/en\\\/wp-content\\\/uploads\\\/sites\\\/2\\\/2021\\\/11\\\/cropped-TH-english.png\",\"width\":254,\"height\":85,\"caption\":\"Troms\u00f8 Harbour\"},\"image\":{\"@id\":\"https:\\\/\\\/tromso.havn.no\\\/en\\\/#\\\/schema\\\/logo\\\/image\\\/\"}}]}<\/script>\n<!-- \/ Yoast SEO plugin. -->","yoast_head_json":{"title":"Navigation - Troms\u00f8 Harbour","robots":{"index":"index","follow":"follow","max-snippet":"max-snippet:-1","max-image-preview":"max-image-preview:large","max-video-preview":"max-video-preview:-1"},"canonical":"https:\/\/tromso.havn.no\/en\/traffic\/navigation\/","og_locale":"en_US","og_type":"article","og_title":"Navigation - Troms\u00f8 Harbour","og_description":"Weather station The Port of Troms\u00f8 has mounted a weather station at Gr\u00f8tsund. We are &hellip; Les videre \u00abNavigation\u00bb","og_url":"https:\/\/tromso.havn.no\/en\/traffic\/navigation\/","og_site_name":"Troms\u00f8 Harbour","article_modified_time":"2026-03-02T12:30:17+00:00","twitter_card":"summary_large_image","twitter_misc":{"Est. reading time":"2 minutes"},"schema":{"@context":"https:\/\/schema.org","@graph":[{"@type":"WebPage","@id":"https:\/\/tromso.havn.no\/en\/traffic\/navigation\/","url":"https:\/\/tromso.havn.no\/en\/traffic\/navigation\/","name":"Navigation - Troms\u00f8 Harbour","isPartOf":{"@id":"https:\/\/tromso.havn.no\/en\/#website"},"datePublished":"2021-02-18T13:09:13+00:00","dateModified":"2026-03-02T12:30:17+00:00","breadcrumb":{"@id":"https:\/\/tromso.havn.no\/en\/traffic\/navigation\/#breadcrumb"},"inLanguage":"en-US","potentialAction":[{"@type":"ReadAction","target":["https:\/\/tromso.havn.no\/en\/traffic\/navigation\/"]}]},{"@type":"BreadcrumbList","@id":"https:\/\/tromso.havn.no\/en\/traffic\/navigation\/#breadcrumb","itemListElement":[{"@type":"ListItem","position":1,"name":"Home","item":"https:\/\/tromso.havn.no\/en\/"},{"@type":"ListItem","position":2,"name":"Traffic","item":"https:\/\/tromso.havn.no\/en\/traffic\/"},{"@type":"ListItem","position":3,"name":"Navigation"}]},{"@type":"WebSite","@id":"https:\/\/tromso.havn.no\/en\/#website","url":"https:\/\/tromso.havn.no\/en\/","name":"Troms\u00f8 Harbour","description":"Creating the Arctic future","publisher":{"@id":"https:\/\/tromso.havn.no\/en\/#organization"},"potentialAction":[{"@type":"SearchAction","target":{"@type":"EntryPoint","urlTemplate":"https:\/\/tromso.havn.no\/en\/?s={search_term_string}"},"query-input":{"@type":"PropertyValueSpecification","valueRequired":true,"valueName":"search_term_string"}}],"inLanguage":"en-US"},{"@type":"Organization","@id":"https:\/\/tromso.havn.no\/en\/#organization","name":"Troms\u00f8 Harbour","url":"https:\/\/tromso.havn.no\/en\/","logo":{"@type":"ImageObject","inLanguage":"en-US","@id":"https:\/\/tromso.havn.no\/en\/#\/schema\/logo\/image\/","url":"https:\/\/tromso.havn.no\/en\/wp-content\/uploads\/sites\/2\/2021\/11\/cropped-TH-english.png","contentUrl":"https:\/\/tromso.havn.no\/en\/wp-content\/uploads\/sites\/2\/2021\/11\/cropped-TH-english.png","width":254,"height":85,"caption":"Troms\u00f8 Harbour"},"image":{"@id":"https:\/\/tromso.havn.no\/en\/#\/schema\/logo\/image\/"}}]}},"uagb_featured_image_src":{"full":false,"thumbnail":false,"medium":false,"medium_large":false,"large":false,"1536x1536":false,"2048x2048":false,"default":false,"square":false,"gform-image-choice-sm":false,"gform-image-choice-md":false,"gform-image-choice-lg":false},"uagb_author_info":{"display_name":"Gnist Design","author_link":"https:\/\/tromso.havn.no\/en\/author\/gnist\/"},"uagb_comment_info":0,"uagb_excerpt":"Weather station The Port of Troms\u00f8 has mounted a weather station at Gr\u00f8tsund. We are &hellip; Les videre \u00abNavigation\u00bb","_links":{"self":[{"href":"https:\/\/tromso.havn.no\/en\/wp-json\/wp\/v2\/pages\/41","targetHints":{"allow":["GET"]}}],"collection":[{"href":"https:\/\/tromso.havn.no\/en\/wp-json\/wp\/v2\/pages"}],"about":[{"href":"https:\/\/tromso.havn.no\/en\/wp-json\/wp\/v2\/types\/page"}],"author":[{"embeddable":true,"href":"https:\/\/tromso.havn.no\/en\/wp-json\/wp\/v2\/users\/1"}],"replies":[{"embeddable":true,"href":"https:\/\/tromso.havn.no\/en\/wp-json\/wp\/v2\/comments?post=41"}],"version-history":[{"count":3,"href":"https:\/\/tromso.havn.no\/en\/wp-json\/wp\/v2\/pages\/41\/revisions"}],"predecessor-version":[{"id":11429,"href":"https:\/\/tromso.havn.no\/en\/wp-json\/wp\/v2\/pages\/41\/revisions\/11429"}],"up":[{"embeddable":true,"href":"https:\/\/tromso.havn.no\/en\/wp-json\/wp\/v2\/pages\/37"}],"wp:attachment":[{"href":"https:\/\/tromso.havn.no\/en\/wp-json\/wp\/v2\/media?parent=41"}],"curies":[{"name":"wp","href":"https:\/\/api.w.org\/{rel}","templated":true}]}}