{"id":29,"date":"2021-02-18T14:07:23","date_gmt":"2021-02-18T13:07:23","guid":{"rendered":"https:\/\/tromso.havn.no\/?page_id=29"},"modified":"2026-04-15T15:40:59","modified_gmt":"2026-04-15T13:40:59","slug":"tugs","status":"publish","type":"page","link":"https:\/\/tromso.havn.no\/en\/services\/tugs\/","title":{"rendered":"Tugs and mooring assistance"},"content":{"rendered":"\n<section class=\"wp-block-uagb-columns uagb-columns__wrap uagb-columns__background-none uagb-columns__stack-mobile uagb-columns__valign-center uagb-columns__gap-10 alignwide uagb-block-f3fa823a uagb-columns__columns-2 uagb-columns__max_width-theme\"><div class=\"uagb-columns__overlay\"><\/div><div class=\"uagb-columns__inner-wrap uagb-columns__columns-2\">\n<div class=\"wp-block-uagb-column uagb-column__wrap uagb-column__background-undefined uagb-block-4c262830\"><div class=\"uagb-column__overlay\"><\/div>\n<p class=\"has-sizing-large\">There are several service suppliers of tugs and mooring assistance in Troms\u00f8.<\/p>\n<\/div>\n\n\n\n<div class=\"wp-block-uagb-column uagb-column__wrap uagb-column__background-color uagb-block-b8161f51 yellow-border\"><div class=\"uagb-column__overlay\"><\/div><div class=\"wp-block-image\">\n<figure class=\"alignright size-large is-resized\"><img decoding=\"async\" src=\"https:\/\/tromso.havn.no\/wp-content\/uploads\/2021\/04\/ikon_info-grey.png\" alt=\"\" class=\"wp-image-10230\" style=\"width:75px;height:75px\" \/><\/figure>\n<\/div>\n\n\n<h2 class=\"wp-block-heading\">Contact<\/h2>\n\n\n\n<p class=\"has-sizing-medium\"><strong>Port control<\/strong><\/p>\n\n\n\n<p class=\"has-sizing-medium\"><a href=\"tel:+4791107444\">+47&nbsp;911 07 444<\/a> | VHF channel 12<br><a href=\"mailto:havnevakta@tromso.havn.no\">E-mail<\/a><\/p>\n<\/div>\n<\/div><\/section>\n\n\n\n<section class=\"wp-block-uagb-columns uagb-columns__wrap uagb-columns__background-none uagb-columns__stack-mobile uagb-columns__valign- uagb-columns__gap-10 align uagb-block-5f3b294e uagb-columns__columns-3 uagb-columns__max_width-theme\"><div class=\"uagb-columns__overlay\"><\/div><div class=\"uagb-columns__inner-wrap uagb-columns__columns-3\">\n<div class=\"wp-block-uagb-column uagb-column__wrap uagb-column__background-undefined uagb-block-5a86636d\"><div class=\"uagb-column__overlay\"><\/div>\n<h2 class=\"wp-block-heading alignwide has-text-align-left\">Service providers<\/h2>\n<\/div>\n\n\n\n<div class=\"wp-block-uagb-column uagb-column__wrap uagb-column__background-undefined uagb-block-036460b2\"><div class=\"uagb-column__overlay\"><\/div><\/div>\n\n\n\n<div class=\"wp-block-uagb-column uagb-column__wrap uagb-column__background-undefined uagb-block-a50353f6\"><div class=\"uagb-column__overlay\"><\/div><\/div>\n<\/div><\/section>\n\n\n\n<section class=\"wp-block-uagb-columns uagb-columns__wrap uagb-columns__background-none uagb-columns__stack-mobile uagb-columns__valign- uagb-columns__gap-10 align uagb-block-00b53924 uagb-columns__columns-3 uagb-columns__max_width-theme\"><div class=\"uagb-columns__overlay\"><\/div><div class=\"uagb-columns__inner-wrap uagb-columns__columns-3\">\n<div class=\"wp-block-uagb-column uagb-column__wrap uagb-column__background-color uagb-block-5efc5ba9\"><div class=\"uagb-column__overlay\"><\/div>\n<h3 class=\"wp-block-heading\">A\/S Slepeb\u00e5tene<\/h3>\n\n\n\n<ul class=\"wp-block-list is-style-default\">\n<li><a href=\"http:\/\/+4797523250\">+47 97 52 32 50<\/a><\/li>\n\n\n\n<li><a href=\"mailto:slepebat@online.no\" target=\"_blank\" rel=\"noreferrer noopener\">E-mail<\/a><\/li>\n<\/ul>\n\n\n\n<p class=\"has-sizing-medium\"><strong><span style=\"text-decoration: underline\">Tugs:<\/span><\/strong><\/p>\n\n\n\n<div class=\"wp-block-group\"><div class=\"wp-block-group__inner-container is-layout-constrained wp-block-group-is-layout-constrained\">\n<p class=\"has-sizing-medium\"><strong>\u00abLYNX\u00bb<\/strong><\/p>\n\n\n\n<ul class=\"wp-block-list is-style-default\">\n<li>Type: Azimuth (ASD)<\/li>\n\n\n\n<li>Length: 28,67 m&nbsp;<\/li>\n\n\n\n<li>Grt: 294&nbsp;<\/li>\n\n\n\n<li>Hp: 2 x 2 500<\/li>\n\n\n\n<li>Tractive power: 62 t<\/li>\n<\/ul>\n\n\n\n<p><a href=\"https:\/\/tromso.havn.no\/wp-content\/uploads\/2026\/04\/Spec.-MV-LYNX.pdf\" target=\"_blank\" rel=\"noreferrer noopener\">Detailed information<\/a><\/p>\n<\/div><\/div>\n\n\n\n<p class=\"has-sizing-medium\"><strong>T\/B \u00abLupus\u00bb<\/strong><\/p>\n\n\n\n<ul class=\"wp-block-list is-style-default\">\n<li>Type: Voith Tractor <\/li>\n\n\n\n<li>Length: 33,39 m&nbsp;<\/li>\n\n\n\n<li>Grt: 276&nbsp;<\/li>\n\n\n\n<li>Hp: 2 x 1 500 <\/li>\n\n\n\n<li>Tractive power: 30 t<\/li>\n<\/ul>\n\n\n\n<p class=\"has-sizing-medium\"><\/p>\n<\/div>\n\n\n\n<div class=\"wp-block-uagb-column uagb-column__wrap uagb-column__background-color uagb-block-e6eadce8\"><div class=\"uagb-column__overlay\"><\/div>\n<h3 class=\"wp-block-heading\">Borg Maritime AS<\/h3>\n\n\n\n<ul class=\"wp-block-list\">\n<li><a href=\"http:\/\/+4797668436\">+47 97 66 84 36<\/a> | <a href=\"http:\/\/+4790760099\">+47 90 76 00 99<\/a><\/li>\n\n\n\n<li><a href=\"mailto:post@borgmaritime.no\" target=\"_blank\" rel=\"noreferrer noopener\">E-mail<\/a><\/li>\n<\/ul>\n\n\n\n<p class=\"has-sizing-medium\"><strong><span style=\"text-decoration: underline\">Tug:<\/span><\/strong><\/p>\n\n\n\n<p class=\"has-sizing-medium\"><strong>\u00abBorg Parat\u00bb<\/strong><\/p>\n\n\n\n<ul class=\"wp-block-list\">\n<li>Type: Azimuth (ASD) <\/li>\n\n\n\n<li>Length: 34,85 m <\/li>\n\n\n\n<li>Grt: 449 <\/li>\n\n\n\n<li>Hp: 2 x 2 286 <\/li>\n\n\n\n<li>Tractive power: 62 t<\/li>\n<\/ul>\n\n\n\n<p><strong>\u00abBorg Fix\u00bb<\/strong><\/p>\n\n\n\n<ul class=\"wp-block-list\">\n<li>Type: Azimuth Tractor Drive<\/li>\n\n\n\n<li>Class: Escort tug<\/li>\n\n\n\n<li>Length: 29,2 m<\/li>\n\n\n\n<li>Grt: 295<\/li>\n\n\n\n<li>Hk: 2 700 hk<\/li>\n\n\n\n<li>Tractive power: 35 t<\/li>\n\n\n\n<li>Towing winch: 47 t pull, 100 t brake<\/li>\n<\/ul>\n<\/div>\n\n\n\n<div class=\"wp-block-uagb-column uagb-column__wrap uagb-column__background-color uagb-block-4f5cd577\"><div class=\"uagb-column__overlay\"><\/div>\n<h3 class=\"wp-block-heading\">Fort\u00f8yningsb\u00e5tene Dan R\u00f8berg<\/h3>\n\n\n\n<ul class=\"wp-block-list\">\n<li><a href=\"http:\/\/+4795735000\">+47 95 73 50 00<\/a> <\/li>\n\n\n\n<li><a href=\"mailto:post@fortoyningsbaatene-dan-roberg.no\" target=\"_blank\" rel=\"noreferrer noopener\">E-mail<\/a><\/li>\n<\/ul>\n\n\n\n<p class=\"has-sizing-medium\"><\/p>\n<\/div>\n<\/div><\/section>\n\n\n\n<div style=\"height:20px\" aria-hidden=\"true\" class=\"wp-block-spacer\"><\/div>\n","protected":false},"excerpt":{"rendered":"<p>There are several service suppliers of tugs and mooring assistance in Troms\u00f8. Contact Port control &hellip; <\/p>\n<p class=\"read-more-link\"><a href=\"https:\/\/tromso.havn.no\/en\/services\/tugs\/\">Les videre<span class=\"screen-reader-text\"> \u00abTugs and mooring assistance\u00bb<\/span><\/a><\/p>\n","protected":false},"author":1,"featured_media":0,"parent":15,"menu_order":0,"comment_status":"closed","ping_status":"closed","template":"","meta":{"_acf_changed":false,"_uag_custom_page_level_css":"","_coblocks_attr":"","_coblocks_dimensions":"","_coblocks_responsive_height":"","_coblocks_accordion_ie_support":"","footnotes":""},"class_list":["post-29","page","type-page","status-publish"],"acf":[],"yoast_head":"<!-- This site is optimized with the Yoast SEO plugin v27.4 - https:\/\/yoast.com\/product\/yoast-seo-wordpress\/ -->\n<title>Tugs and mooring assistance - Troms\u00f8 Harbour<\/title>\n<meta name=\"robots\" content=\"index, follow, max-snippet:-1, max-image-preview:large, max-video-preview:-1\" \/>\n<link rel=\"canonical\" href=\"https:\/\/tromso.havn.no\/en\/services\/tugs\/\" \/>\n<meta property=\"og:locale\" content=\"en_US\" \/>\n<meta property=\"og:type\" content=\"article\" \/>\n<meta property=\"og:title\" content=\"Tugs and mooring assistance - Troms\u00f8 Harbour\" \/>\n<meta property=\"og:description\" content=\"There are several service suppliers of tugs and mooring assistance in Troms\u00f8. Contact Port control &hellip; Les videre \u00abTugs and mooring assistance\u00bb\" \/>\n<meta property=\"og:url\" content=\"https:\/\/tromso.havn.no\/en\/services\/tugs\/\" \/>\n<meta property=\"og:site_name\" content=\"Troms\u00f8 Harbour\" \/>\n<meta property=\"article:modified_time\" content=\"2026-04-15T13:40:59+00:00\" \/>\n<meta name=\"twitter:card\" content=\"summary_large_image\" \/>\n<meta name=\"twitter:label1\" content=\"Est. reading time\" \/>\n\t<meta name=\"twitter:data1\" content=\"1 minute\" \/>\n<script type=\"application\/ld+json\" class=\"yoast-schema-graph\">{\"@context\":\"https:\\\/\\\/schema.org\",\"@graph\":[{\"@type\":\"WebPage\",\"@id\":\"https:\\\/\\\/tromso.havn.no\\\/en\\\/services\\\/tugs\\\/\",\"url\":\"https:\\\/\\\/tromso.havn.no\\\/en\\\/services\\\/tugs\\\/\",\"name\":\"Tugs and mooring assistance - Troms\u00f8 Harbour\",\"isPartOf\":{\"@id\":\"https:\\\/\\\/tromso.havn.no\\\/en\\\/#website\"},\"primaryImageOfPage\":{\"@id\":\"https:\\\/\\\/tromso.havn.no\\\/en\\\/services\\\/tugs\\\/#primaryimage\"},\"image\":{\"@id\":\"https:\\\/\\\/tromso.havn.no\\\/en\\\/services\\\/tugs\\\/#primaryimage\"},\"thumbnailUrl\":\"https:\\\/\\\/tromso.havn.no\\\/wp-content\\\/uploads\\\/2021\\\/04\\\/ikon_info-grey.png\",\"datePublished\":\"2021-02-18T13:07:23+00:00\",\"dateModified\":\"2026-04-15T13:40:59+00:00\",\"breadcrumb\":{\"@id\":\"https:\\\/\\\/tromso.havn.no\\\/en\\\/services\\\/tugs\\\/#breadcrumb\"},\"inLanguage\":\"en-US\",\"potentialAction\":[{\"@type\":\"ReadAction\",\"target\":[\"https:\\\/\\\/tromso.havn.no\\\/en\\\/services\\\/tugs\\\/\"]}]},{\"@type\":\"ImageObject\",\"inLanguage\":\"en-US\",\"@id\":\"https:\\\/\\\/tromso.havn.no\\\/en\\\/services\\\/tugs\\\/#primaryimage\",\"url\":\"https:\\\/\\\/tromso.havn.no\\\/wp-content\\\/uploads\\\/2021\\\/04\\\/ikon_info-grey.png\",\"contentUrl\":\"https:\\\/\\\/tromso.havn.no\\\/wp-content\\\/uploads\\\/2021\\\/04\\\/ikon_info-grey.png\"},{\"@type\":\"BreadcrumbList\",\"@id\":\"https:\\\/\\\/tromso.havn.no\\\/en\\\/services\\\/tugs\\\/#breadcrumb\",\"itemListElement\":[{\"@type\":\"ListItem\",\"position\":1,\"name\":\"Home\",\"item\":\"https:\\\/\\\/tromso.havn.no\\\/en\\\/\"},{\"@type\":\"ListItem\",\"position\":2,\"name\":\"Services\",\"item\":\"https:\\\/\\\/tromso.havn.no\\\/en\\\/services\\\/\"},{\"@type\":\"ListItem\",\"position\":3,\"name\":\"Tugs and mooring assistance\"}]},{\"@type\":\"WebSite\",\"@id\":\"https:\\\/\\\/tromso.havn.no\\\/en\\\/#website\",\"url\":\"https:\\\/\\\/tromso.havn.no\\\/en\\\/\",\"name\":\"Troms\u00f8 Harbour\",\"description\":\"Creating the Arctic future\",\"publisher\":{\"@id\":\"https:\\\/\\\/tromso.havn.no\\\/en\\\/#organization\"},\"potentialAction\":[{\"@type\":\"SearchAction\",\"target\":{\"@type\":\"EntryPoint\",\"urlTemplate\":\"https:\\\/\\\/tromso.havn.no\\\/en\\\/?s={search_term_string}\"},\"query-input\":{\"@type\":\"PropertyValueSpecification\",\"valueRequired\":true,\"valueName\":\"search_term_string\"}}],\"inLanguage\":\"en-US\"},{\"@type\":\"Organization\",\"@id\":\"https:\\\/\\\/tromso.havn.no\\\/en\\\/#organization\",\"name\":\"Troms\u00f8 Harbour\",\"url\":\"https:\\\/\\\/tromso.havn.no\\\/en\\\/\",\"logo\":{\"@type\":\"ImageObject\",\"inLanguage\":\"en-US\",\"@id\":\"https:\\\/\\\/tromso.havn.no\\\/en\\\/#\\\/schema\\\/logo\\\/image\\\/\",\"url\":\"https:\\\/\\\/tromso.havn.no\\\/en\\\/wp-content\\\/uploads\\\/sites\\\/2\\\/2021\\\/11\\\/cropped-TH-english.png\",\"contentUrl\":\"https:\\\/\\\/tromso.havn.no\\\/en\\\/wp-content\\\/uploads\\\/sites\\\/2\\\/2021\\\/11\\\/cropped-TH-english.png\",\"width\":254,\"height\":85,\"caption\":\"Troms\u00f8 Harbour\"},\"image\":{\"@id\":\"https:\\\/\\\/tromso.havn.no\\\/en\\\/#\\\/schema\\\/logo\\\/image\\\/\"}}]}<\/script>\n<!-- \/ Yoast SEO plugin. -->","yoast_head_json":{"title":"Tugs and mooring assistance - Troms\u00f8 Harbour","robots":{"index":"index","follow":"follow","max-snippet":"max-snippet:-1","max-image-preview":"max-image-preview:large","max-video-preview":"max-video-preview:-1"},"canonical":"https:\/\/tromso.havn.no\/en\/services\/tugs\/","og_locale":"en_US","og_type":"article","og_title":"Tugs and mooring assistance - Troms\u00f8 Harbour","og_description":"There are several service suppliers of tugs and mooring assistance in Troms\u00f8. Contact Port control &hellip; Les videre \u00abTugs and mooring assistance\u00bb","og_url":"https:\/\/tromso.havn.no\/en\/services\/tugs\/","og_site_name":"Troms\u00f8 Harbour","article_modified_time":"2026-04-15T13:40:59+00:00","twitter_card":"summary_large_image","twitter_misc":{"Est. reading time":"1 minute"},"schema":{"@context":"https:\/\/schema.org","@graph":[{"@type":"WebPage","@id":"https:\/\/tromso.havn.no\/en\/services\/tugs\/","url":"https:\/\/tromso.havn.no\/en\/services\/tugs\/","name":"Tugs and mooring assistance - Troms\u00f8 Harbour","isPartOf":{"@id":"https:\/\/tromso.havn.no\/en\/#website"},"primaryImageOfPage":{"@id":"https:\/\/tromso.havn.no\/en\/services\/tugs\/#primaryimage"},"image":{"@id":"https:\/\/tromso.havn.no\/en\/services\/tugs\/#primaryimage"},"thumbnailUrl":"https:\/\/tromso.havn.no\/wp-content\/uploads\/2021\/04\/ikon_info-grey.png","datePublished":"2021-02-18T13:07:23+00:00","dateModified":"2026-04-15T13:40:59+00:00","breadcrumb":{"@id":"https:\/\/tromso.havn.no\/en\/services\/tugs\/#breadcrumb"},"inLanguage":"en-US","potentialAction":[{"@type":"ReadAction","target":["https:\/\/tromso.havn.no\/en\/services\/tugs\/"]}]},{"@type":"ImageObject","inLanguage":"en-US","@id":"https:\/\/tromso.havn.no\/en\/services\/tugs\/#primaryimage","url":"https:\/\/tromso.havn.no\/wp-content\/uploads\/2021\/04\/ikon_info-grey.png","contentUrl":"https:\/\/tromso.havn.no\/wp-content\/uploads\/2021\/04\/ikon_info-grey.png"},{"@type":"BreadcrumbList","@id":"https:\/\/tromso.havn.no\/en\/services\/tugs\/#breadcrumb","itemListElement":[{"@type":"ListItem","position":1,"name":"Home","item":"https:\/\/tromso.havn.no\/en\/"},{"@type":"ListItem","position":2,"name":"Services","item":"https:\/\/tromso.havn.no\/en\/services\/"},{"@type":"ListItem","position":3,"name":"Tugs and mooring assistance"}]},{"@type":"WebSite","@id":"https:\/\/tromso.havn.no\/en\/#website","url":"https:\/\/tromso.havn.no\/en\/","name":"Troms\u00f8 Harbour","description":"Creating the Arctic future","publisher":{"@id":"https:\/\/tromso.havn.no\/en\/#organization"},"potentialAction":[{"@type":"SearchAction","target":{"@type":"EntryPoint","urlTemplate":"https:\/\/tromso.havn.no\/en\/?s={search_term_string}"},"query-input":{"@type":"PropertyValueSpecification","valueRequired":true,"valueName":"search_term_string"}}],"inLanguage":"en-US"},{"@type":"Organization","@id":"https:\/\/tromso.havn.no\/en\/#organization","name":"Troms\u00f8 Harbour","url":"https:\/\/tromso.havn.no\/en\/","logo":{"@type":"ImageObject","inLanguage":"en-US","@id":"https:\/\/tromso.havn.no\/en\/#\/schema\/logo\/image\/","url":"https:\/\/tromso.havn.no\/en\/wp-content\/uploads\/sites\/2\/2021\/11\/cropped-TH-english.png","contentUrl":"https:\/\/tromso.havn.no\/en\/wp-content\/uploads\/sites\/2\/2021\/11\/cropped-TH-english.png","width":254,"height":85,"caption":"Troms\u00f8 Harbour"},"image":{"@id":"https:\/\/tromso.havn.no\/en\/#\/schema\/logo\/image\/"}}]}},"uagb_featured_image_src":{"full":false,"thumbnail":false,"medium":false,"medium_large":false,"large":false,"1536x1536":false,"2048x2048":false,"default":false,"square":false,"gform-image-choice-sm":false,"gform-image-choice-md":false,"gform-image-choice-lg":false},"uagb_author_info":{"display_name":"Gnist Design","author_link":"https:\/\/tromso.havn.no\/en\/author\/gnist\/"},"uagb_comment_info":0,"uagb_excerpt":"There are several service suppliers of tugs and mooring assistance in Troms\u00f8. Contact Port control &hellip; Les videre \u00abTugs and mooring assistance\u00bb","_links":{"self":[{"href":"https:\/\/tromso.havn.no\/en\/wp-json\/wp\/v2\/pages\/29","targetHints":{"allow":["GET"]}}],"collection":[{"href":"https:\/\/tromso.havn.no\/en\/wp-json\/wp\/v2\/pages"}],"about":[{"href":"https:\/\/tromso.havn.no\/en\/wp-json\/wp\/v2\/types\/page"}],"author":[{"embeddable":true,"href":"https:\/\/tromso.havn.no\/en\/wp-json\/wp\/v2\/users\/1"}],"replies":[{"embeddable":true,"href":"https:\/\/tromso.havn.no\/en\/wp-json\/wp\/v2\/comments?post=29"}],"version-history":[{"count":3,"href":"https:\/\/tromso.havn.no\/en\/wp-json\/wp\/v2\/pages\/29\/revisions"}],"predecessor-version":[{"id":11447,"href":"https:\/\/tromso.havn.no\/en\/wp-json\/wp\/v2\/pages\/29\/revisions\/11447"}],"up":[{"embeddable":true,"href":"https:\/\/tromso.havn.no\/en\/wp-json\/wp\/v2\/pages\/15"}],"wp:attachment":[{"href":"https:\/\/tromso.havn.no\/en\/wp-json\/wp\/v2\/media?parent=29"}],"curies":[{"name":"wp","href":"https:\/\/api.w.org\/{rel}","templated":true}]}}