{"id":19,"date":"2021-02-18T14:05:55","date_gmt":"2021-02-18T13:05:55","guid":{"rendered":"https:\/\/tromso.havn.no\/?page_id=19"},"modified":"2026-03-12T13:48:44","modified_gmt":"2026-03-12T12:48:44","slug":"property","status":"publish","type":"page","link":"https:\/\/tromso.havn.no\/en\/services\/property\/","title":{"rendered":"Commercial Property"},"content":{"rendered":"\n<div class=\"wp-block-columns are-vertically-aligned-center is-layout-flex wp-container-core-columns-is-layout-9d6595d7 wp-block-columns-is-layout-flex\">\n<div class=\"wp-block-column is-vertically-aligned-center is-layout-flow wp-block-column-is-layout-flow\" style=\"flex-basis:66.66%\">\n<p class=\"has-sizing-large\">The Port of Troms\u00f8 has three port areas: Downtown Troms\u00f8, Breivika og Gr\u00f8tsund. We have large outdoor storage and logistic areas, as well as warehouses and office buildings.  <\/p>\n\n\n\n<p class=\"has-sizing-large\"><strong>Please contact us for more information and to check availability.<\/strong><\/p>\n<\/div>\n\n\n\n<div class=\"wp-block-column is-vertically-aligned-center is-layout-flow wp-block-column-is-layout-flow\" style=\"flex-basis:33.33%\">\n<div class=\"wp-block-group yellow-border\"><div class=\"wp-block-group__inner-container is-layout-flow wp-block-group-is-layout-flow\"><div class=\"wp-block-image\">\n<figure class=\"alignright size-large is-resized\"><img decoding=\"async\" src=\"https:\/\/tromso.havn.no\/wp-content\/uploads\/2021\/04\/ikon_info-grey.png\" alt=\"\" class=\"wp-image-10230\" style=\"width:75px;height:75px\" \/><\/figure>\n<\/div>\n\n\n<h2 class=\"wp-block-heading\">Contact<\/h2>\n\n\n\n<p class=\"has-sizing-medium\"><a href=\"+4790255680\">+47 902 55 680<\/a><br><a href=\"mailto:eiendom@tromso.havn.no\" target=\"_blank\" rel=\"noreferrer noopener\">E-mail<\/a><\/p>\n<\/div><\/div>\n<\/div>\n<\/div>\n\n\n\n<div class=\"wp-block-media-text alignwide has-media-on-the-right is-stacked-on-mobile is-vertically-aligned-center is-image-fill-element has-light-grey-background-color has-background\"><div class=\"wp-block-media-text__content\">\n<h2 class=\"wp-block-heading\">City centre<\/h2>\n\n\n\n<p class=\"has-sizing-medium\">Prostneset port terminal in downtown Troms\u00f8 is among others used by travelers with the Coastal Voyage, express boats and buses. <\/p>\n\n\n\n<p class=\"has-sizing-medium\">We offer: <\/p>\n\n\n\n<ul class=\"wp-block-list\">\n<li>Restaurant premises<\/li>\n\n\n\n<li>Retail premises<\/li>\n\n\n\n<li>Market square sites <\/li>\n\n\n\n<li>Outdoor area<\/li>\n<\/ul>\n\n\n\n<p class=\"has-sizing-small\"><strong>For more information check out: <br><\/strong><a href=\"http:\/\/www.prostneset.no\/\" target=\"_blank\" rel=\"noreferrer noopener\">Prostneset.no<\/a><\/p>\n<\/div><figure class=\"wp-block-media-text__media\"><img loading=\"lazy\" decoding=\"async\" width=\"1024\" height=\"601\" src=\"https:\/\/tromso.havn.no\/wp-content\/uploads\/2018\/12\/juletrefest-2018-jonas-rydningen-1-1024x601.jpg\" alt=\"\" class=\"wp-image-5444 size-full\" style=\"object-position:50% 50%\" srcset=\"https:\/\/tromso.havn.no\/en\/wp-content\/uploads\/sites\/2\/2018\/12\/juletrefest-2018-jonas-rydningen-1-1024x601.jpg 1024w, https:\/\/tromso.havn.no\/en\/wp-content\/uploads\/sites\/2\/2018\/12\/juletrefest-2018-jonas-rydningen-1-300x176.jpg 300w, https:\/\/tromso.havn.no\/en\/wp-content\/uploads\/sites\/2\/2018\/12\/juletrefest-2018-jonas-rydningen-1-768x451.jpg 768w, https:\/\/tromso.havn.no\/en\/wp-content\/uploads\/sites\/2\/2018\/12\/juletrefest-2018-jonas-rydningen-1-1536x902.jpg 1536w, https:\/\/tromso.havn.no\/en\/wp-content\/uploads\/sites\/2\/2018\/12\/juletrefest-2018-jonas-rydningen-1-scaled.jpg 2048w, https:\/\/tromso.havn.no\/en\/wp-content\/uploads\/sites\/2\/2018\/12\/juletrefest-2018-jonas-rydningen-1-1568x921.jpg 1568w\" sizes=\"auto, (max-width: 1024px) 100vw, 1024px\" \/><\/figure><\/div>\n\n\n\n<div class=\"wp-block-media-text alignwide is-stacked-on-mobile is-vertically-aligned-center is-image-fill-element has-light-grey-background-color has-background\"><figure class=\"wp-block-media-text__media\"><img loading=\"lazy\" decoding=\"async\" width=\"627\" height=\"418\" src=\"https:\/\/tromso.havn.no\/en\/wp-content\/uploads\/sites\/2\/2022\/09\/Breivika-34-web.jpg\" alt=\"\" class=\"wp-image-11205 size-full\" style=\"object-position:50% 50%\" srcset=\"https:\/\/tromso.havn.no\/en\/wp-content\/uploads\/sites\/2\/2022\/09\/Breivika-34-web.jpg 627w, https:\/\/tromso.havn.no\/en\/wp-content\/uploads\/sites\/2\/2022\/09\/Breivika-34-web-300x200.jpg 300w\" sizes=\"auto, (max-width: 627px) 100vw, 627px\" \/><\/figure><div class=\"wp-block-media-text__content\">\n<h2 class=\"wp-block-heading\">Breivika<\/h2>\n\n\n\n<p class=\"has-sizing-medium\">The Breivika port area covers more than 500,000 m\u00b2. <\/p>\n\n\n\n<p class=\"has-sizing-medium\">We offer:<\/p>\n\n\n\n<ul class=\"wp-block-list\">\n<li>Outdoor areas for short and long-term rental<\/li>\n\n\n\n<li>Logistics areas behind the quays<\/li>\n\n\n\n<li>Commercial areas<\/li>\n\n\n\n<li>Warehouses (insulated\/uninsulated)<\/li>\n\n\n\n<li>Office space<\/li>\n<\/ul>\n<\/div><\/div>\n\n\n\n<div class=\"wp-block-media-text alignwide has-media-on-the-right is-stacked-on-mobile is-vertically-aligned-center is-image-fill-element has-light-grey-background-color has-background\"><div class=\"wp-block-media-text__content\">\n<h2 class=\"wp-block-heading\">Gr\u00f8tsund<\/h2>\n\n\n\n<p class=\"has-sizing-medium\">Gr\u00f8tsund Industrial Port covers 1.5 million m\u00b2.<\/p>\n\n\n\n<p class=\"has-sizing-medium\">Our facilities here comprise of a total quay length of 130 m with a depth of 22 m and&nbsp;a Ro-Ro ramp. The area is designed for carrying out area intensive projects and heavy lifting. <\/p>\n\n\n\n<p class=\"has-sizing-medium\">We offer:<\/p>\n\n\n\n<ul class=\"wp-block-list\">\n<li>Outdoor areas for short and long-term rental<\/li>\n\n\n\n<li>Logistics areas behind the quays with a maximum point load of 150 t\/m\u00b2 and surface load of 10 t\/m\u00b2<\/li>\n\n\n\n<li>Warehouses (insulated)<\/li>\n\n\n\n<li>Office space<\/li>\n<\/ul>\n\n\n\n<div class=\"wp-block-group yellow-border\"><div class=\"wp-block-group__inner-container is-layout-flow wp-block-group-is-layout-flow\">\n<h3 class=\"wp-block-heading\"><a href=\"https:\/\/tromso.havn.no\/en\/grotsund-industrial-port\/\">Click here for more information about Gr\u00f8tsund Industrial Port<\/a><\/h3>\n\n\n\n<div class=\"wp-block-file\"><a id=\"wp-block-file--media-833723e7-a815-4813-84be-b14864c8ed3f\" href=\"https:\/\/tromso.havn.no\/en\/wp-content\/uploads\/sites\/2\/2023\/11\/Port-of-Tromso-Logistic-possibilities.pdf\" target=\"_blank\" rel=\"noreferrer noopener\">Port of Troms\u00f8 &#8211; Logistic possibilities<\/a><a href=\"https:\/\/tromso.havn.no\/en\/wp-content\/uploads\/sites\/2\/2023\/11\/Port-of-Tromso-Logistic-possibilities.pdf\" class=\"wp-block-file__button wp-element-button\" download aria-describedby=\"wp-block-file--media-833723e7-a815-4813-84be-b14864c8ed3f\">Download<\/a><\/div>\n<\/div><\/div>\n<\/div><figure class=\"wp-block-media-text__media\"><img decoding=\"async\" src=\"https:\/\/tromso.havn.no\/wp-content\/uploads\/2021\/04\/Kjetil-Robertsen-1024x575.jpg\" alt=\"\" class=\"wp-image-10424 size-full\" style=\"object-position:50% 50%\" \/><\/figure><\/div>\n","protected":false},"excerpt":{"rendered":"<p>The Port of Troms\u00f8 has three port areas: Downtown Troms\u00f8, Breivika og Gr\u00f8tsund. We have &hellip; <\/p>\n<p class=\"read-more-link\"><a href=\"https:\/\/tromso.havn.no\/en\/services\/property\/\">Les videre<span class=\"screen-reader-text\"> \u00abCommercial Property\u00bb<\/span><\/a><\/p>\n","protected":false},"author":1,"featured_media":0,"parent":15,"menu_order":0,"comment_status":"closed","ping_status":"closed","template":"","meta":{"_acf_changed":false,"_uag_custom_page_level_css":"","_coblocks_attr":"","_coblocks_dimensions":"","_coblocks_responsive_height":"","_coblocks_accordion_ie_support":"","footnotes":""},"class_list":["post-19","page","type-page","status-publish"],"acf":[],"yoast_head":"<!-- This site is optimized with the Yoast SEO plugin v27.4 - https:\/\/yoast.com\/product\/yoast-seo-wordpress\/ -->\n<title>Commercial Property - Troms\u00f8 Harbour<\/title>\n<meta name=\"robots\" content=\"index, follow, max-snippet:-1, max-image-preview:large, max-video-preview:-1\" \/>\n<link rel=\"canonical\" href=\"https:\/\/tromso.havn.no\/en\/services\/property\/\" \/>\n<meta property=\"og:locale\" content=\"en_US\" \/>\n<meta property=\"og:type\" content=\"article\" \/>\n<meta property=\"og:title\" content=\"Commercial Property - Troms\u00f8 Harbour\" \/>\n<meta property=\"og:description\" content=\"The Port of Troms\u00f8 has three port areas: Downtown Troms\u00f8, Breivika og Gr\u00f8tsund. We have &hellip; Les videre \u00abCommercial Property\u00bb\" \/>\n<meta property=\"og:url\" content=\"https:\/\/tromso.havn.no\/en\/services\/property\/\" \/>\n<meta property=\"og:site_name\" content=\"Troms\u00f8 Harbour\" \/>\n<meta property=\"article:modified_time\" content=\"2026-03-12T12:48:44+00:00\" \/>\n<meta name=\"twitter:card\" content=\"summary_large_image\" \/>\n<meta name=\"twitter:label1\" content=\"Est. reading time\" \/>\n\t<meta name=\"twitter:data1\" content=\"2 minutes\" \/>\n<script type=\"application\/ld+json\" class=\"yoast-schema-graph\">{\"@context\":\"https:\\\/\\\/schema.org\",\"@graph\":[{\"@type\":\"WebPage\",\"@id\":\"https:\\\/\\\/tromso.havn.no\\\/en\\\/services\\\/property\\\/\",\"url\":\"https:\\\/\\\/tromso.havn.no\\\/en\\\/services\\\/property\\\/\",\"name\":\"Commercial Property - Troms\u00f8 Harbour\",\"isPartOf\":{\"@id\":\"https:\\\/\\\/tromso.havn.no\\\/en\\\/#website\"},\"primaryImageOfPage\":{\"@id\":\"https:\\\/\\\/tromso.havn.no\\\/en\\\/services\\\/property\\\/#primaryimage\"},\"image\":{\"@id\":\"https:\\\/\\\/tromso.havn.no\\\/en\\\/services\\\/property\\\/#primaryimage\"},\"thumbnailUrl\":\"https:\\\/\\\/tromso.havn.no\\\/wp-content\\\/uploads\\\/2021\\\/04\\\/ikon_info-grey.png\",\"datePublished\":\"2021-02-18T13:05:55+00:00\",\"dateModified\":\"2026-03-12T12:48:44+00:00\",\"breadcrumb\":{\"@id\":\"https:\\\/\\\/tromso.havn.no\\\/en\\\/services\\\/property\\\/#breadcrumb\"},\"inLanguage\":\"en-US\",\"potentialAction\":[{\"@type\":\"ReadAction\",\"target\":[\"https:\\\/\\\/tromso.havn.no\\\/en\\\/services\\\/property\\\/\"]}]},{\"@type\":\"ImageObject\",\"inLanguage\":\"en-US\",\"@id\":\"https:\\\/\\\/tromso.havn.no\\\/en\\\/services\\\/property\\\/#primaryimage\",\"url\":\"https:\\\/\\\/tromso.havn.no\\\/wp-content\\\/uploads\\\/2021\\\/04\\\/ikon_info-grey.png\",\"contentUrl\":\"https:\\\/\\\/tromso.havn.no\\\/wp-content\\\/uploads\\\/2021\\\/04\\\/ikon_info-grey.png\"},{\"@type\":\"BreadcrumbList\",\"@id\":\"https:\\\/\\\/tromso.havn.no\\\/en\\\/services\\\/property\\\/#breadcrumb\",\"itemListElement\":[{\"@type\":\"ListItem\",\"position\":1,\"name\":\"Home\",\"item\":\"https:\\\/\\\/tromso.havn.no\\\/en\\\/\"},{\"@type\":\"ListItem\",\"position\":2,\"name\":\"Services\",\"item\":\"https:\\\/\\\/tromso.havn.no\\\/en\\\/services\\\/\"},{\"@type\":\"ListItem\",\"position\":3,\"name\":\"Commercial Property\"}]},{\"@type\":\"WebSite\",\"@id\":\"https:\\\/\\\/tromso.havn.no\\\/en\\\/#website\",\"url\":\"https:\\\/\\\/tromso.havn.no\\\/en\\\/\",\"name\":\"Troms\u00f8 Harbour\",\"description\":\"Creating the Arctic future\",\"publisher\":{\"@id\":\"https:\\\/\\\/tromso.havn.no\\\/en\\\/#organization\"},\"potentialAction\":[{\"@type\":\"SearchAction\",\"target\":{\"@type\":\"EntryPoint\",\"urlTemplate\":\"https:\\\/\\\/tromso.havn.no\\\/en\\\/?s={search_term_string}\"},\"query-input\":{\"@type\":\"PropertyValueSpecification\",\"valueRequired\":true,\"valueName\":\"search_term_string\"}}],\"inLanguage\":\"en-US\"},{\"@type\":\"Organization\",\"@id\":\"https:\\\/\\\/tromso.havn.no\\\/en\\\/#organization\",\"name\":\"Troms\u00f8 Harbour\",\"url\":\"https:\\\/\\\/tromso.havn.no\\\/en\\\/\",\"logo\":{\"@type\":\"ImageObject\",\"inLanguage\":\"en-US\",\"@id\":\"https:\\\/\\\/tromso.havn.no\\\/en\\\/#\\\/schema\\\/logo\\\/image\\\/\",\"url\":\"https:\\\/\\\/tromso.havn.no\\\/en\\\/wp-content\\\/uploads\\\/sites\\\/2\\\/2021\\\/11\\\/cropped-TH-english.png\",\"contentUrl\":\"https:\\\/\\\/tromso.havn.no\\\/en\\\/wp-content\\\/uploads\\\/sites\\\/2\\\/2021\\\/11\\\/cropped-TH-english.png\",\"width\":254,\"height\":85,\"caption\":\"Troms\u00f8 Harbour\"},\"image\":{\"@id\":\"https:\\\/\\\/tromso.havn.no\\\/en\\\/#\\\/schema\\\/logo\\\/image\\\/\"}}]}<\/script>\n<!-- \/ Yoast SEO plugin. -->","yoast_head_json":{"title":"Commercial Property - Troms\u00f8 Harbour","robots":{"index":"index","follow":"follow","max-snippet":"max-snippet:-1","max-image-preview":"max-image-preview:large","max-video-preview":"max-video-preview:-1"},"canonical":"https:\/\/tromso.havn.no\/en\/services\/property\/","og_locale":"en_US","og_type":"article","og_title":"Commercial Property - Troms\u00f8 Harbour","og_description":"The Port of Troms\u00f8 has three port areas: Downtown Troms\u00f8, Breivika og Gr\u00f8tsund. We have &hellip; Les videre \u00abCommercial Property\u00bb","og_url":"https:\/\/tromso.havn.no\/en\/services\/property\/","og_site_name":"Troms\u00f8 Harbour","article_modified_time":"2026-03-12T12:48:44+00:00","twitter_card":"summary_large_image","twitter_misc":{"Est. reading time":"2 minutes"},"schema":{"@context":"https:\/\/schema.org","@graph":[{"@type":"WebPage","@id":"https:\/\/tromso.havn.no\/en\/services\/property\/","url":"https:\/\/tromso.havn.no\/en\/services\/property\/","name":"Commercial Property - Troms\u00f8 Harbour","isPartOf":{"@id":"https:\/\/tromso.havn.no\/en\/#website"},"primaryImageOfPage":{"@id":"https:\/\/tromso.havn.no\/en\/services\/property\/#primaryimage"},"image":{"@id":"https:\/\/tromso.havn.no\/en\/services\/property\/#primaryimage"},"thumbnailUrl":"https:\/\/tromso.havn.no\/wp-content\/uploads\/2021\/04\/ikon_info-grey.png","datePublished":"2021-02-18T13:05:55+00:00","dateModified":"2026-03-12T12:48:44+00:00","breadcrumb":{"@id":"https:\/\/tromso.havn.no\/en\/services\/property\/#breadcrumb"},"inLanguage":"en-US","potentialAction":[{"@type":"ReadAction","target":["https:\/\/tromso.havn.no\/en\/services\/property\/"]}]},{"@type":"ImageObject","inLanguage":"en-US","@id":"https:\/\/tromso.havn.no\/en\/services\/property\/#primaryimage","url":"https:\/\/tromso.havn.no\/wp-content\/uploads\/2021\/04\/ikon_info-grey.png","contentUrl":"https:\/\/tromso.havn.no\/wp-content\/uploads\/2021\/04\/ikon_info-grey.png"},{"@type":"BreadcrumbList","@id":"https:\/\/tromso.havn.no\/en\/services\/property\/#breadcrumb","itemListElement":[{"@type":"ListItem","position":1,"name":"Home","item":"https:\/\/tromso.havn.no\/en\/"},{"@type":"ListItem","position":2,"name":"Services","item":"https:\/\/tromso.havn.no\/en\/services\/"},{"@type":"ListItem","position":3,"name":"Commercial Property"}]},{"@type":"WebSite","@id":"https:\/\/tromso.havn.no\/en\/#website","url":"https:\/\/tromso.havn.no\/en\/","name":"Troms\u00f8 Harbour","description":"Creating the Arctic future","publisher":{"@id":"https:\/\/tromso.havn.no\/en\/#organization"},"potentialAction":[{"@type":"SearchAction","target":{"@type":"EntryPoint","urlTemplate":"https:\/\/tromso.havn.no\/en\/?s={search_term_string}"},"query-input":{"@type":"PropertyValueSpecification","valueRequired":true,"valueName":"search_term_string"}}],"inLanguage":"en-US"},{"@type":"Organization","@id":"https:\/\/tromso.havn.no\/en\/#organization","name":"Troms\u00f8 Harbour","url":"https:\/\/tromso.havn.no\/en\/","logo":{"@type":"ImageObject","inLanguage":"en-US","@id":"https:\/\/tromso.havn.no\/en\/#\/schema\/logo\/image\/","url":"https:\/\/tromso.havn.no\/en\/wp-content\/uploads\/sites\/2\/2021\/11\/cropped-TH-english.png","contentUrl":"https:\/\/tromso.havn.no\/en\/wp-content\/uploads\/sites\/2\/2021\/11\/cropped-TH-english.png","width":254,"height":85,"caption":"Troms\u00f8 Harbour"},"image":{"@id":"https:\/\/tromso.havn.no\/en\/#\/schema\/logo\/image\/"}}]}},"uagb_featured_image_src":{"full":false,"thumbnail":false,"medium":false,"medium_large":false,"large":false,"1536x1536":false,"2048x2048":false,"default":false,"square":false,"gform-image-choice-sm":false,"gform-image-choice-md":false,"gform-image-choice-lg":false},"uagb_author_info":{"display_name":"Gnist Design","author_link":"https:\/\/tromso.havn.no\/en\/author\/gnist\/"},"uagb_comment_info":0,"uagb_excerpt":"The Port of Troms\u00f8 has three port areas: Downtown Troms\u00f8, Breivika og Gr\u00f8tsund. We have &hellip; Les videre \u00abCommercial Property\u00bb","_links":{"self":[{"href":"https:\/\/tromso.havn.no\/en\/wp-json\/wp\/v2\/pages\/19","targetHints":{"allow":["GET"]}}],"collection":[{"href":"https:\/\/tromso.havn.no\/en\/wp-json\/wp\/v2\/pages"}],"about":[{"href":"https:\/\/tromso.havn.no\/en\/wp-json\/wp\/v2\/types\/page"}],"author":[{"embeddable":true,"href":"https:\/\/tromso.havn.no\/en\/wp-json\/wp\/v2\/users\/1"}],"replies":[{"embeddable":true,"href":"https:\/\/tromso.havn.no\/en\/wp-json\/wp\/v2\/comments?post=19"}],"version-history":[{"count":3,"href":"https:\/\/tromso.havn.no\/en\/wp-json\/wp\/v2\/pages\/19\/revisions"}],"predecessor-version":[{"id":11420,"href":"https:\/\/tromso.havn.no\/en\/wp-json\/wp\/v2\/pages\/19\/revisions\/11420"}],"up":[{"embeddable":true,"href":"https:\/\/tromso.havn.no\/en\/wp-json\/wp\/v2\/pages\/15"}],"wp:attachment":[{"href":"https:\/\/tromso.havn.no\/en\/wp-json\/wp\/v2\/media?parent=19"}],"curies":[{"name":"wp","href":"https:\/\/api.w.org\/{rel}","templated":true}]}}