{"id":11072,"date":"2021-11-15T14:01:17","date_gmt":"2021-11-15T13:01:17","guid":{"rendered":"https:\/\/tromso.havn.no\/en\/?page_id=11072"},"modified":"2021-11-16T17:32:41","modified_gmt":"2021-11-16T16:32:41","slug":"history","status":"publish","type":"page","link":"https:\/\/tromso.havn.no\/en\/about-us\/history\/","title":{"rendered":"History"},"content":{"rendered":"\n<h3 class=\"wp-block-heading\">The Port of Troms\u00f8 is almost 200 years old.<\/h3>\n\n\n\n<p class=\"has-sizing-medium\">Troms\u00f8 was granted commercial privileges by the royal decree of 1794. In 1827, the port commission was appointed, which means that the Port of Troms\u00f8 will soon be 200 years old.<\/p>\n\n\n\n<p class=\"has-sizing-medium\">Throughout history, the sea and the sea route have provided the basis of existence for settlement along the coast. The sea has been the most important traffic artery for people and goods.<\/p>\n\n\n\n<p class=\"has-sizing-medium\">The historical development of the port through trade, shipping and the environment is a vibrant and fascinating chapter in the life of the city and the region and has provided conditions for the development of Troms\u00f8.<\/p>\n\n\n\n<p class=\"has-sizing-medium\">From the 1850s, Troms\u00f8 was a centre for hunting and trapping in the Arctic, including Svalbard. In the early 20th century, the city was the starting point for numerous hunting, trapping, research and tourist expeditions to Arctic and Antarctic regions, which led to Troms\u00f8 being known as \u201cThe Gateway to the Arctic\u201d.<\/p>\n\n\n\n<p class=\"has-sizing-medium\">The Arctic hunting\/trapping, the Arctic culture and the people who went on long hunting\/trapping expeditions are in the process of disappearing. Every year, two to three vessels depart from Troms\u00f8 on hunting\/trapping expeditions. Instead of Arctic hunting\/trapping, the capital of Northern Norway has developed a knowledge community at the international forefront within climate, environment and utilisation of Arctic resources that will play an important role in the development of the High North. Moreover, Troms\u00f8 has become an international leader in polar research.<\/p>\n\n\n\n<p class=\"has-sizing-medium\">Today, the Port of Troms\u00f8 is one of Norway\u2019s largest fishing ports, a major cruise port and an important logistics hub in the Northern Norway. Our goal is to be the preferred port for the entire energy sector in the north.<strong><\/strong><\/p>\n","protected":false},"excerpt":{"rendered":"<p>The Port of Troms\u00f8 is almost 200 years old. Troms\u00f8 was granted commercial privileges by &hellip; <\/p>\n<p class=\"read-more-link\"><a href=\"https:\/\/tromso.havn.no\/en\/about-us\/history\/\">Les videre<span class=\"screen-reader-text\"> \u00abHistory\u00bb<\/span><\/a><\/p>\n","protected":false},"author":1,"featured_media":0,"parent":49,"menu_order":0,"comment_status":"closed","ping_status":"closed","template":"","meta":{"_acf_changed":false,"_uag_custom_page_level_css":"","_coblocks_attr":"","_coblocks_dimensions":"","_coblocks_responsive_height":"","_coblocks_accordion_ie_support":"","footnotes":""},"class_list":["post-11072","page","type-page","status-publish"],"acf":[],"yoast_head":"<!-- This site is optimized with the Yoast SEO plugin v27.4 - https:\/\/yoast.com\/product\/yoast-seo-wordpress\/ -->\n<title>History - Troms\u00f8 Harbour<\/title>\n<meta name=\"robots\" content=\"index, follow, max-snippet:-1, max-image-preview:large, max-video-preview:-1\" \/>\n<link rel=\"canonical\" href=\"https:\/\/tromso.havn.no\/en\/about-us\/history\/\" \/>\n<meta property=\"og:locale\" content=\"en_US\" \/>\n<meta property=\"og:type\" content=\"article\" \/>\n<meta property=\"og:title\" content=\"History - Troms\u00f8 Harbour\" \/>\n<meta property=\"og:description\" content=\"The Port of Troms\u00f8 is almost 200 years old. Troms\u00f8 was granted commercial privileges by &hellip; Les videre \u00abHistory\u00bb\" \/>\n<meta property=\"og:url\" content=\"https:\/\/tromso.havn.no\/en\/about-us\/history\/\" \/>\n<meta property=\"og:site_name\" content=\"Troms\u00f8 Harbour\" \/>\n<meta property=\"article:modified_time\" content=\"2021-11-16T16:32:41+00:00\" \/>\n<meta name=\"twitter:card\" content=\"summary_large_image\" \/>\n<meta name=\"twitter:label1\" content=\"Est. reading time\" \/>\n\t<meta name=\"twitter:data1\" content=\"2 minutes\" \/>\n<script type=\"application\/ld+json\" class=\"yoast-schema-graph\">{\"@context\":\"https:\\\/\\\/schema.org\",\"@graph\":[{\"@type\":\"WebPage\",\"@id\":\"https:\\\/\\\/tromso.havn.no\\\/en\\\/about-us\\\/history\\\/\",\"url\":\"https:\\\/\\\/tromso.havn.no\\\/en\\\/about-us\\\/history\\\/\",\"name\":\"History - Troms\u00f8 Harbour\",\"isPartOf\":{\"@id\":\"https:\\\/\\\/tromso.havn.no\\\/en\\\/#website\"},\"datePublished\":\"2021-11-15T13:01:17+00:00\",\"dateModified\":\"2021-11-16T16:32:41+00:00\",\"breadcrumb\":{\"@id\":\"https:\\\/\\\/tromso.havn.no\\\/en\\\/about-us\\\/history\\\/#breadcrumb\"},\"inLanguage\":\"en-US\",\"potentialAction\":[{\"@type\":\"ReadAction\",\"target\":[\"https:\\\/\\\/tromso.havn.no\\\/en\\\/about-us\\\/history\\\/\"]}]},{\"@type\":\"BreadcrumbList\",\"@id\":\"https:\\\/\\\/tromso.havn.no\\\/en\\\/about-us\\\/history\\\/#breadcrumb\",\"itemListElement\":[{\"@type\":\"ListItem\",\"position\":1,\"name\":\"Home\",\"item\":\"https:\\\/\\\/tromso.havn.no\\\/en\\\/\"},{\"@type\":\"ListItem\",\"position\":2,\"name\":\"About\",\"item\":\"https:\\\/\\\/tromso.havn.no\\\/en\\\/about-us\\\/\"},{\"@type\":\"ListItem\",\"position\":3,\"name\":\"History\"}]},{\"@type\":\"WebSite\",\"@id\":\"https:\\\/\\\/tromso.havn.no\\\/en\\\/#website\",\"url\":\"https:\\\/\\\/tromso.havn.no\\\/en\\\/\",\"name\":\"Troms\u00f8 Harbour\",\"description\":\"Creating the Arctic future\",\"publisher\":{\"@id\":\"https:\\\/\\\/tromso.havn.no\\\/en\\\/#organization\"},\"potentialAction\":[{\"@type\":\"SearchAction\",\"target\":{\"@type\":\"EntryPoint\",\"urlTemplate\":\"https:\\\/\\\/tromso.havn.no\\\/en\\\/?s={search_term_string}\"},\"query-input\":{\"@type\":\"PropertyValueSpecification\",\"valueRequired\":true,\"valueName\":\"search_term_string\"}}],\"inLanguage\":\"en-US\"},{\"@type\":\"Organization\",\"@id\":\"https:\\\/\\\/tromso.havn.no\\\/en\\\/#organization\",\"name\":\"Troms\u00f8 Harbour\",\"url\":\"https:\\\/\\\/tromso.havn.no\\\/en\\\/\",\"logo\":{\"@type\":\"ImageObject\",\"inLanguage\":\"en-US\",\"@id\":\"https:\\\/\\\/tromso.havn.no\\\/en\\\/#\\\/schema\\\/logo\\\/image\\\/\",\"url\":\"https:\\\/\\\/tromso.havn.no\\\/en\\\/wp-content\\\/uploads\\\/sites\\\/2\\\/2021\\\/11\\\/cropped-TH-english.png\",\"contentUrl\":\"https:\\\/\\\/tromso.havn.no\\\/en\\\/wp-content\\\/uploads\\\/sites\\\/2\\\/2021\\\/11\\\/cropped-TH-english.png\",\"width\":254,\"height\":85,\"caption\":\"Troms\u00f8 Harbour\"},\"image\":{\"@id\":\"https:\\\/\\\/tromso.havn.no\\\/en\\\/#\\\/schema\\\/logo\\\/image\\\/\"}}]}<\/script>\n<!-- \/ Yoast SEO plugin. -->","yoast_head_json":{"title":"History - Troms\u00f8 Harbour","robots":{"index":"index","follow":"follow","max-snippet":"max-snippet:-1","max-image-preview":"max-image-preview:large","max-video-preview":"max-video-preview:-1"},"canonical":"https:\/\/tromso.havn.no\/en\/about-us\/history\/","og_locale":"en_US","og_type":"article","og_title":"History - Troms\u00f8 Harbour","og_description":"The Port of Troms\u00f8 is almost 200 years old. Troms\u00f8 was granted commercial privileges by &hellip; Les videre \u00abHistory\u00bb","og_url":"https:\/\/tromso.havn.no\/en\/about-us\/history\/","og_site_name":"Troms\u00f8 Harbour","article_modified_time":"2021-11-16T16:32:41+00:00","twitter_card":"summary_large_image","twitter_misc":{"Est. reading time":"2 minutes"},"schema":{"@context":"https:\/\/schema.org","@graph":[{"@type":"WebPage","@id":"https:\/\/tromso.havn.no\/en\/about-us\/history\/","url":"https:\/\/tromso.havn.no\/en\/about-us\/history\/","name":"History - Troms\u00f8 Harbour","isPartOf":{"@id":"https:\/\/tromso.havn.no\/en\/#website"},"datePublished":"2021-11-15T13:01:17+00:00","dateModified":"2021-11-16T16:32:41+00:00","breadcrumb":{"@id":"https:\/\/tromso.havn.no\/en\/about-us\/history\/#breadcrumb"},"inLanguage":"en-US","potentialAction":[{"@type":"ReadAction","target":["https:\/\/tromso.havn.no\/en\/about-us\/history\/"]}]},{"@type":"BreadcrumbList","@id":"https:\/\/tromso.havn.no\/en\/about-us\/history\/#breadcrumb","itemListElement":[{"@type":"ListItem","position":1,"name":"Home","item":"https:\/\/tromso.havn.no\/en\/"},{"@type":"ListItem","position":2,"name":"About","item":"https:\/\/tromso.havn.no\/en\/about-us\/"},{"@type":"ListItem","position":3,"name":"History"}]},{"@type":"WebSite","@id":"https:\/\/tromso.havn.no\/en\/#website","url":"https:\/\/tromso.havn.no\/en\/","name":"Troms\u00f8 Harbour","description":"Creating the Arctic future","publisher":{"@id":"https:\/\/tromso.havn.no\/en\/#organization"},"potentialAction":[{"@type":"SearchAction","target":{"@type":"EntryPoint","urlTemplate":"https:\/\/tromso.havn.no\/en\/?s={search_term_string}"},"query-input":{"@type":"PropertyValueSpecification","valueRequired":true,"valueName":"search_term_string"}}],"inLanguage":"en-US"},{"@type":"Organization","@id":"https:\/\/tromso.havn.no\/en\/#organization","name":"Troms\u00f8 Harbour","url":"https:\/\/tromso.havn.no\/en\/","logo":{"@type":"ImageObject","inLanguage":"en-US","@id":"https:\/\/tromso.havn.no\/en\/#\/schema\/logo\/image\/","url":"https:\/\/tromso.havn.no\/en\/wp-content\/uploads\/sites\/2\/2021\/11\/cropped-TH-english.png","contentUrl":"https:\/\/tromso.havn.no\/en\/wp-content\/uploads\/sites\/2\/2021\/11\/cropped-TH-english.png","width":254,"height":85,"caption":"Troms\u00f8 Harbour"},"image":{"@id":"https:\/\/tromso.havn.no\/en\/#\/schema\/logo\/image\/"}}]}},"uagb_featured_image_src":{"full":false,"thumbnail":false,"medium":false,"medium_large":false,"large":false,"1536x1536":false,"2048x2048":false,"default":false,"square":false,"gform-image-choice-sm":false,"gform-image-choice-md":false,"gform-image-choice-lg":false},"uagb_author_info":{"display_name":"Gnist Design","author_link":"https:\/\/tromso.havn.no\/en\/author\/gnist\/"},"uagb_comment_info":0,"uagb_excerpt":"The Port of Troms\u00f8 is almost 200 years old. Troms\u00f8 was granted commercial privileges by &hellip; Les videre \u00abHistory\u00bb","_links":{"self":[{"href":"https:\/\/tromso.havn.no\/en\/wp-json\/wp\/v2\/pages\/11072","targetHints":{"allow":["GET"]}}],"collection":[{"href":"https:\/\/tromso.havn.no\/en\/wp-json\/wp\/v2\/pages"}],"about":[{"href":"https:\/\/tromso.havn.no\/en\/wp-json\/wp\/v2\/types\/page"}],"author":[{"embeddable":true,"href":"https:\/\/tromso.havn.no\/en\/wp-json\/wp\/v2\/users\/1"}],"replies":[{"embeddable":true,"href":"https:\/\/tromso.havn.no\/en\/wp-json\/wp\/v2\/comments?post=11072"}],"version-history":[{"count":3,"href":"https:\/\/tromso.havn.no\/en\/wp-json\/wp\/v2\/pages\/11072\/revisions"}],"predecessor-version":[{"id":11104,"href":"https:\/\/tromso.havn.no\/en\/wp-json\/wp\/v2\/pages\/11072\/revisions\/11104"}],"up":[{"embeddable":true,"href":"https:\/\/tromso.havn.no\/en\/wp-json\/wp\/v2\/pages\/49"}],"wp:attachment":[{"href":"https:\/\/tromso.havn.no\/en\/wp-json\/wp\/v2\/media?parent=11072"}],"curies":[{"name":"wp","href":"https:\/\/api.w.org\/{rel}","templated":true}]}}