{"id":10934,"date":"2021-09-17T14:55:28","date_gmt":"2021-09-17T12:55:28","guid":{"rendered":"https:\/\/tromso.havn.no\/en\/?page_id=10934"},"modified":"2021-11-15T14:25:17","modified_gmt":"2021-11-15T13:25:17","slug":"privacy-policy","status":"publish","type":"page","link":"https:\/\/tromso.havn.no\/en\/privacy-policy\/","title":{"rendered":"Privacy Policy"},"content":{"rendered":"\n<h2 class=\"wp-block-heading\">Personal data and cookies<\/h2>\n\n\n\n<p class=\"has-sizing-medium\">The Port of Troms\u00f8 processes personal data in accordance with the provisions of the Personal Data Act. You can read more about this here.<\/p>\n\n\n\n<h3 class=\"wp-block-heading\">Visits to the website tromso.havn.no<\/h3>\n\n\n\n<p class=\"has-sizing-medium\">This privacy policy applies to the website tromso.havn.no.<\/p>\n\n\n\n<p class=\"has-sizing-medium\">As a starting point, you are completely anonymous when using our website. The IP address of your computer is logged, but not your e-mail address. However, as the IP address is anonymized, it cannot be traced back to you as an individual.<\/p>\n\n\n\n<h4 class=\"wp-block-heading\">Cookies<\/h4>\n\n\n\n<p class=\"has-sizing-medium\">The Port of Troms\u00f8 uses information capsules (cookies) on tromso.havn.no. These cookies are mostly used to measure traffic and optimize the service. You can continue to use tromso.havn.no as normal if you accept this. You also have the option of disabling cookies in your web browser.<\/p>\n\n\n\n<p class=\"has-sizing-medium\">We use the analytics tool Google Analytics to study traffic, user patterns and trends on this website. The data collected is used to optimize the user experience and adapt the content of the website. In accordance with Google\u2019s guidelines for the use of Google Analytics, the personal data of users is not collected. The data collected is stored on Google servers. <a href=\"http:\/\/www.google.com\/intl\/no\/policies\/privacy\/\">You can click here to read more about how Google collects and safeguards data.<\/a><\/p>\n\n\n\n<p class=\"has-sizing-medium\">The Google Analytics cookie is a first-party cookie. It is set to be deleted automatically after 26 months if you do not return to our website. You may opt-out of the use of cookies from Google Analytics by downloading a browser add-on by clicking on the following link:&nbsp;<a href=\"https:\/\/tools.google.com\/dlpage\/gaoptout\">Google Analytics Opt-out Browser Add-on<\/a>.<\/p>\n\n\n\n<p class=\"has-sizing-medium\">Examples of the data stored includes:<\/p>\n\n\n\n<ul class=\"wp-block-list\"><li>which pages you view and the number of pages you viewed in total<\/li><li>how long you spend on the website<\/li><li>date and time<\/li><li>which web browser you use<\/li><li>which device you used, i.e. computer, mobile phone or tablet<\/li><\/ul>\n\n\n\n<p class=\"has-sizing-medium\">None of this information may be traced back to you or used to identify you as an individual.<\/p>\n\n\n\n<h4 class=\"wp-block-heading\">Embedded content from other websites<\/h4>\n\n\n\n<p class=\"has-sizing-medium\">Articles on this website may include embedded content (e.g. videos, images, articles, etc.). Embedded content from other websites function in the same way as if the visitor had visited the website from which the embedded content comes.<\/p>\n\n\n\n<p class=\"has-sizing-medium\">These websites may collect information about you, use cookies, embed third-party tracking systems and monitor what you do through this embedded content. This also includes tracking your actions via the embedded content if you have an account and are logged in to the website.<\/p>\n\n\n\n<h4 class=\"wp-block-heading\"><strong>Questions related to privacy<\/strong><\/h4>\n\n\n\n<p class=\"has-sizing-medium\">If you wish to contact the Port of Troms\u00f8, you can send a letter to the administration of the Port of Troms\u00f8, PO Box 392, 9254 Troms\u00f8, Norway or by e-mail to <a href=\"mailto:adm@tromso.havn.no\">adm@tromso.havn.no<\/a><\/p>\n","protected":false},"excerpt":{"rendered":"<p>Personal data and cookies The Port of Troms\u00f8 processes personal data in accordance with the &hellip; <\/p>\n<p class=\"read-more-link\"><a href=\"https:\/\/tromso.havn.no\/en\/privacy-policy\/\">Les videre<span class=\"screen-reader-text\"> \u00abPrivacy Policy\u00bb<\/span><\/a><\/p>\n","protected":false},"author":1,"featured_media":0,"parent":0,"menu_order":0,"comment_status":"closed","ping_status":"closed","template":"","meta":{"_acf_changed":false,"_uag_custom_page_level_css":"","_coblocks_attr":"","_coblocks_dimensions":"","_coblocks_responsive_height":"","_coblocks_accordion_ie_support":"","footnotes":""},"class_list":["post-10934","page","type-page","status-publish"],"acf":[],"yoast_head":"<!-- This site is optimized with the Yoast SEO plugin v27.4 - https:\/\/yoast.com\/product\/yoast-seo-wordpress\/ -->\n<title>Privacy Policy - Troms\u00f8 Harbour<\/title>\n<meta name=\"robots\" content=\"index, follow, max-snippet:-1, max-image-preview:large, max-video-preview:-1\" \/>\n<link rel=\"canonical\" href=\"https:\/\/tromso.havn.no\/en\/privacy-policy\/\" \/>\n<meta property=\"og:locale\" content=\"en_US\" \/>\n<meta property=\"og:type\" content=\"article\" \/>\n<meta property=\"og:title\" content=\"Privacy Policy - Troms\u00f8 Harbour\" \/>\n<meta property=\"og:description\" content=\"Personal data and cookies The Port of Troms\u00f8 processes personal data in accordance with the &hellip; Les videre \u00abPrivacy Policy\u00bb\" \/>\n<meta property=\"og:url\" content=\"https:\/\/tromso.havn.no\/en\/privacy-policy\/\" \/>\n<meta property=\"og:site_name\" content=\"Troms\u00f8 Harbour\" \/>\n<meta property=\"article:modified_time\" content=\"2021-11-15T13:25:17+00:00\" \/>\n<meta name=\"twitter:card\" content=\"summary_large_image\" \/>\n<meta name=\"twitter:label1\" content=\"Est. reading time\" \/>\n\t<meta name=\"twitter:data1\" content=\"2 minutes\" \/>\n<script type=\"application\/ld+json\" class=\"yoast-schema-graph\">{\"@context\":\"https:\\\/\\\/schema.org\",\"@graph\":[{\"@type\":\"WebPage\",\"@id\":\"https:\\\/\\\/tromso.havn.no\\\/en\\\/privacy-policy\\\/\",\"url\":\"https:\\\/\\\/tromso.havn.no\\\/en\\\/privacy-policy\\\/\",\"name\":\"Privacy Policy - Troms\u00f8 Harbour\",\"isPartOf\":{\"@id\":\"https:\\\/\\\/tromso.havn.no\\\/en\\\/#website\"},\"datePublished\":\"2021-09-17T12:55:28+00:00\",\"dateModified\":\"2021-11-15T13:25:17+00:00\",\"breadcrumb\":{\"@id\":\"https:\\\/\\\/tromso.havn.no\\\/en\\\/privacy-policy\\\/#breadcrumb\"},\"inLanguage\":\"en-US\",\"potentialAction\":[{\"@type\":\"ReadAction\",\"target\":[\"https:\\\/\\\/tromso.havn.no\\\/en\\\/privacy-policy\\\/\"]}]},{\"@type\":\"BreadcrumbList\",\"@id\":\"https:\\\/\\\/tromso.havn.no\\\/en\\\/privacy-policy\\\/#breadcrumb\",\"itemListElement\":[{\"@type\":\"ListItem\",\"position\":1,\"name\":\"Home\",\"item\":\"https:\\\/\\\/tromso.havn.no\\\/en\\\/\"},{\"@type\":\"ListItem\",\"position\":2,\"name\":\"Privacy Policy\"}]},{\"@type\":\"WebSite\",\"@id\":\"https:\\\/\\\/tromso.havn.no\\\/en\\\/#website\",\"url\":\"https:\\\/\\\/tromso.havn.no\\\/en\\\/\",\"name\":\"Troms\u00f8 Harbour\",\"description\":\"Creating the Arctic future\",\"publisher\":{\"@id\":\"https:\\\/\\\/tromso.havn.no\\\/en\\\/#organization\"},\"potentialAction\":[{\"@type\":\"SearchAction\",\"target\":{\"@type\":\"EntryPoint\",\"urlTemplate\":\"https:\\\/\\\/tromso.havn.no\\\/en\\\/?s={search_term_string}\"},\"query-input\":{\"@type\":\"PropertyValueSpecification\",\"valueRequired\":true,\"valueName\":\"search_term_string\"}}],\"inLanguage\":\"en-US\"},{\"@type\":\"Organization\",\"@id\":\"https:\\\/\\\/tromso.havn.no\\\/en\\\/#organization\",\"name\":\"Troms\u00f8 Harbour\",\"url\":\"https:\\\/\\\/tromso.havn.no\\\/en\\\/\",\"logo\":{\"@type\":\"ImageObject\",\"inLanguage\":\"en-US\",\"@id\":\"https:\\\/\\\/tromso.havn.no\\\/en\\\/#\\\/schema\\\/logo\\\/image\\\/\",\"url\":\"https:\\\/\\\/tromso.havn.no\\\/en\\\/wp-content\\\/uploads\\\/sites\\\/2\\\/2021\\\/11\\\/cropped-TH-english.png\",\"contentUrl\":\"https:\\\/\\\/tromso.havn.no\\\/en\\\/wp-content\\\/uploads\\\/sites\\\/2\\\/2021\\\/11\\\/cropped-TH-english.png\",\"width\":254,\"height\":85,\"caption\":\"Troms\u00f8 Harbour\"},\"image\":{\"@id\":\"https:\\\/\\\/tromso.havn.no\\\/en\\\/#\\\/schema\\\/logo\\\/image\\\/\"}}]}<\/script>\n<!-- \/ Yoast SEO plugin. -->","yoast_head_json":{"title":"Privacy Policy - Troms\u00f8 Harbour","robots":{"index":"index","follow":"follow","max-snippet":"max-snippet:-1","max-image-preview":"max-image-preview:large","max-video-preview":"max-video-preview:-1"},"canonical":"https:\/\/tromso.havn.no\/en\/privacy-policy\/","og_locale":"en_US","og_type":"article","og_title":"Privacy Policy - Troms\u00f8 Harbour","og_description":"Personal data and cookies The Port of Troms\u00f8 processes personal data in accordance with the &hellip; Les videre \u00abPrivacy Policy\u00bb","og_url":"https:\/\/tromso.havn.no\/en\/privacy-policy\/","og_site_name":"Troms\u00f8 Harbour","article_modified_time":"2021-11-15T13:25:17+00:00","twitter_card":"summary_large_image","twitter_misc":{"Est. reading time":"2 minutes"},"schema":{"@context":"https:\/\/schema.org","@graph":[{"@type":"WebPage","@id":"https:\/\/tromso.havn.no\/en\/privacy-policy\/","url":"https:\/\/tromso.havn.no\/en\/privacy-policy\/","name":"Privacy Policy - Troms\u00f8 Harbour","isPartOf":{"@id":"https:\/\/tromso.havn.no\/en\/#website"},"datePublished":"2021-09-17T12:55:28+00:00","dateModified":"2021-11-15T13:25:17+00:00","breadcrumb":{"@id":"https:\/\/tromso.havn.no\/en\/privacy-policy\/#breadcrumb"},"inLanguage":"en-US","potentialAction":[{"@type":"ReadAction","target":["https:\/\/tromso.havn.no\/en\/privacy-policy\/"]}]},{"@type":"BreadcrumbList","@id":"https:\/\/tromso.havn.no\/en\/privacy-policy\/#breadcrumb","itemListElement":[{"@type":"ListItem","position":1,"name":"Home","item":"https:\/\/tromso.havn.no\/en\/"},{"@type":"ListItem","position":2,"name":"Privacy Policy"}]},{"@type":"WebSite","@id":"https:\/\/tromso.havn.no\/en\/#website","url":"https:\/\/tromso.havn.no\/en\/","name":"Troms\u00f8 Harbour","description":"Creating the Arctic future","publisher":{"@id":"https:\/\/tromso.havn.no\/en\/#organization"},"potentialAction":[{"@type":"SearchAction","target":{"@type":"EntryPoint","urlTemplate":"https:\/\/tromso.havn.no\/en\/?s={search_term_string}"},"query-input":{"@type":"PropertyValueSpecification","valueRequired":true,"valueName":"search_term_string"}}],"inLanguage":"en-US"},{"@type":"Organization","@id":"https:\/\/tromso.havn.no\/en\/#organization","name":"Troms\u00f8 Harbour","url":"https:\/\/tromso.havn.no\/en\/","logo":{"@type":"ImageObject","inLanguage":"en-US","@id":"https:\/\/tromso.havn.no\/en\/#\/schema\/logo\/image\/","url":"https:\/\/tromso.havn.no\/en\/wp-content\/uploads\/sites\/2\/2021\/11\/cropped-TH-english.png","contentUrl":"https:\/\/tromso.havn.no\/en\/wp-content\/uploads\/sites\/2\/2021\/11\/cropped-TH-english.png","width":254,"height":85,"caption":"Troms\u00f8 Harbour"},"image":{"@id":"https:\/\/tromso.havn.no\/en\/#\/schema\/logo\/image\/"}}]}},"uagb_featured_image_src":{"full":false,"thumbnail":false,"medium":false,"medium_large":false,"large":false,"1536x1536":false,"2048x2048":false,"default":false,"square":false,"gform-image-choice-sm":false,"gform-image-choice-md":false,"gform-image-choice-lg":false},"uagb_author_info":{"display_name":"Gnist Design","author_link":"https:\/\/tromso.havn.no\/en\/author\/gnist\/"},"uagb_comment_info":0,"uagb_excerpt":"Personal data and cookies The Port of Troms\u00f8 processes personal data in accordance with the &hellip; Les videre \u00abPrivacy Policy\u00bb","_links":{"self":[{"href":"https:\/\/tromso.havn.no\/en\/wp-json\/wp\/v2\/pages\/10934","targetHints":{"allow":["GET"]}}],"collection":[{"href":"https:\/\/tromso.havn.no\/en\/wp-json\/wp\/v2\/pages"}],"about":[{"href":"https:\/\/tromso.havn.no\/en\/wp-json\/wp\/v2\/types\/page"}],"author":[{"embeddable":true,"href":"https:\/\/tromso.havn.no\/en\/wp-json\/wp\/v2\/users\/1"}],"replies":[{"embeddable":true,"href":"https:\/\/tromso.havn.no\/en\/wp-json\/wp\/v2\/comments?post=10934"}],"version-history":[{"count":2,"href":"https:\/\/tromso.havn.no\/en\/wp-json\/wp\/v2\/pages\/10934\/revisions"}],"predecessor-version":[{"id":11085,"href":"https:\/\/tromso.havn.no\/en\/wp-json\/wp\/v2\/pages\/10934\/revisions\/11085"}],"wp:attachment":[{"href":"https:\/\/tromso.havn.no\/en\/wp-json\/wp\/v2\/media?parent=10934"}],"curies":[{"name":"wp","href":"https:\/\/api.w.org\/{rel}","templated":true}]}}